{"id":39568,"date":"2025-01-29T21:09:35","date_gmt":"2025-01-29T18:09:35","guid":{"rendered":"https:\/\/hectre.com\/?page_id=39568"},"modified":"2025-01-29T21:17:52","modified_gmt":"2025-01-29T18:17:52","slug":"fruit-quality-view-register-your-interest","status":"publish","type":"page","link":"https:\/\/hectre.com\/pl\/jakosc-owocow-zobacz-zarejestruj-swoje-zainteresowanie\/","title":{"rendered":"Widok jako\u015bci owoc\u00f3w | Zarejestruj swoje zainteresowanie"},"content":{"rendered":"<div data-elementor-type=\"wp-page\" data-elementor-id=\"39568\" class=\"elementor elementor-39568\" data-elementor-post-type=\"page\">\n\t\t\t\t<div class=\"elementor-element elementor-element-752f243 e-flex e-con-boxed e-con e-parent\" data-id=\"752f243\" data-element_type=\"container\" data-settings=\"{&quot;_ob_use_container_extras&quot;:&quot;no&quot;,&quot;_ob_glider_is_slider&quot;:&quot;no&quot;,&quot;_ob_column_has_pseudo&quot;:&quot;no&quot;}\">\n\t\t\t\t\t<div class=\"e-con-inner\">\n\t\t<div class=\"elementor-element elementor-element-bb43b9c e-con-full e-flex e-con e-child\" data-id=\"bb43b9c\" data-element_type=\"container\" data-settings=\"{&quot;_ob_use_container_extras&quot;:&quot;no&quot;,&quot;_ob_glider_is_slider&quot;:&quot;no&quot;,&quot;_ob_column_has_pseudo&quot;:&quot;no&quot;}\">\n\t\t<div class=\"elementor-element elementor-element-942832b e-con-full e-flex e-con e-child\" data-id=\"942832b\" data-element_type=\"container\" data-settings=\"{&quot;_ob_use_container_extras&quot;:&quot;no&quot;,&quot;_ob_glider_is_slider&quot;:&quot;no&quot;,&quot;_ob_column_has_pseudo&quot;:&quot;no&quot;}\">\n\t\t\t\t<div class=\"elementor-element elementor-element-0e91ce4 elementor-widget__width-auto js-text-selection ob-got-stalker elementor-widget elementor-widget-text-editor\" data-id=\"0e91ce4\" data-element_type=\"widget\" data-settings=\"{&quot;_ob_widget_stalker_use&quot;:&quot;yes&quot;,&quot;_ob_postman_use&quot;:&quot;no&quot;}\" data-widget_type=\"text-editor.default\">\n\t\t\t\t<div class=\"elementor-widget-container\">\n\t\t\t<style>\/*! elementor - v3.22.0 - 17-06-2024 *\/\n.elementor-widget-text-editor.elementor-drop-cap-view-stacked .elementor-drop-cap{background-color:#69727d;color:#fff}.elementor-widget-text-editor.elementor-drop-cap-view-framed .elementor-drop-cap{color:#69727d;border:3px solid;background-color:transparent}.elementor-widget-text-editor:not(.elementor-drop-cap-view-default) .elementor-drop-cap{margin-top:8px}.elementor-widget-text-editor:not(.elementor-drop-cap-view-default) .elementor-drop-cap-letter{width:1em;height:1em}.elementor-widget-text-editor .elementor-drop-cap{float:left;text-align:center;line-height:1;font-size:50px}.elementor-widget-text-editor .elementor-drop-cap-letter{display:inline-block}<\/style>\t\t\t\t<p>Widok jako\u015bci owoc\u00f3w<\/p>\t\t\t\t\t\t<\/div>\n\t\t\t\t<\/div>\n\t\t\t\t<div class=\"elementor-element elementor-element-d005389 elementor-widget__width-initial elementor-widget elementor-widget-text-editor\" data-id=\"d005389\" data-element_type=\"widget\" data-settings=\"{&quot;_ob_postman_use&quot;:&quot;no&quot;,&quot;_ob_widget_stalker_use&quot;:&quot;no&quot;}\" data-widget_type=\"text-editor.default\">\n\t\t\t\t<div class=\"elementor-widget-container\">\n\t\t\t\t\t\t\t<p>\u2714 Dowiedz si\u0119 dok\u0142adnie, co Ci\u0119 czeka i jak sobie z tym poradzi\u0107.<br \/>\u2714 Daj priorytet owocom najwy\u017cszej jako\u015bci i zoptymalizuj wykorzystanie zapas\u00f3w.<br \/>\u2714 Poprawa przejrzysto\u015bci i sp\u00f3jno\u015bci dzia\u0142a\u0144 mi\u0119dzy zespo\u0142ami.<br \/>\u2714 Zmniejsz liczb\u0119 r\u0119cznych czynno\u015bci \u015bledz\u0105cych i usprawnij podejmowanie decyzji.<\/p>\t\t\t\t\t\t<\/div>\n\t\t\t\t<\/div>\n\t\t\t\t<\/div>\n\t\t<div class=\"elementor-element elementor-element-a7d97c4 e-con-full e-flex e-con e-child\" data-id=\"a7d97c4\" data-element_type=\"container\" data-settings=\"{&quot;_ob_glider_is_slider&quot;:&quot;no&quot;,&quot;_ob_column_has_pseudo&quot;:&quot;no&quot;}\">\n\t\t\t\t<div class=\"elementor-element elementor-element-22fd45a elementor-absolute elementor-hidden-mobile e-transform elementor-widget elementor-widget-image\" data-id=\"22fd45a\" data-element_type=\"widget\" data-settings=\"{&quot;_position&quot;:&quot;absolute&quot;,&quot;_transform_scale_effect&quot;:{&quot;unit&quot;:&quot;px&quot;,&quot;size&quot;:1.6,&quot;sizes&quot;:[]},&quot;_transform_scale_effect_laptop&quot;:{&quot;unit&quot;:&quot;px&quot;,&quot;size&quot;:&quot;&quot;,&quot;sizes&quot;:[]},&quot;_transform_scale_effect_tablet&quot;:{&quot;unit&quot;:&quot;px&quot;,&quot;size&quot;:&quot;&quot;,&quot;sizes&quot;:[]},&quot;_transform_scale_effect_mobile&quot;:{&quot;unit&quot;:&quot;px&quot;,&quot;size&quot;:&quot;&quot;,&quot;sizes&quot;:[]}}\" data-widget_type=\"image.default\">\n\t\t\t\t<div class=\"elementor-widget-container\">\n\t\t\t<style>\/*! elementor - v3.22.0 - 17-06-2024 *\/\n.elementor-widget-image{text-align:center}.elementor-widget-image a{display:inline-block}.elementor-widget-image a img[src$=\".svg\"]{width:48px}.elementor-widget-image img{vertical-align:middle;display:inline-block}<\/style>\t\t\t\t\t\t\t\t\t\t<img loading=\"lazy\" decoding=\"async\" width=\"1051\" height=\"1105\" src=\"https:\/\/hectre.com\/wp-content\/uploads\/2024\/04\/Ellipse-6.png\" class=\"attachment-full size-full wp-image-30097\" alt=\"\" srcset=\"https:\/\/hectre.com\/wp-content\/uploads\/2024\/04\/Ellipse-6.png 1051w, https:\/\/hectre.com\/wp-content\/uploads\/2024\/04\/Ellipse-6-285x300.png 285w, https:\/\/hectre.com\/wp-content\/uploads\/2024\/04\/Ellipse-6-974x1024.png 974w, https:\/\/hectre.com\/wp-content\/uploads\/2024\/04\/Ellipse-6-768x807.png 768w, https:\/\/hectre.com\/wp-content\/uploads\/2024\/04\/Ellipse-6-11x12.png 11w\" sizes=\"auto, (max-width: 1051px) 100vw, 1051px\" \/>\t\t\t\t\t\t\t\t\t\t\t\t\t<\/div>\n\t\t\t\t<\/div>\n\t\t<div class=\"elementor-element elementor-element-c9b9943 e-con-full e-flex e-con e-child\" data-id=\"c9b9943\" data-element_type=\"container\" data-settings=\"{&quot;background_background&quot;:&quot;classic&quot;,&quot;_ob_use_container_extras&quot;:&quot;no&quot;,&quot;_ob_glider_is_slider&quot;:&quot;no&quot;,&quot;_ob_column_has_pseudo&quot;:&quot;no&quot;}\">\n\t\t<div class=\"elementor-element elementor-element-9ff149f e-con-full contact-us-wrap e-flex e-con e-child\" data-id=\"9ff149f\" data-element_type=\"container\" data-settings=\"{&quot;background_background&quot;:&quot;classic&quot;,&quot;_ob_use_container_extras&quot;:&quot;no&quot;,&quot;_ob_glider_is_slider&quot;:&quot;no&quot;,&quot;_ob_column_has_pseudo&quot;:&quot;no&quot;}\">\n\t\t\t\t<div class=\"elementor-element elementor-element-d95423e elementor-widget elementor-widget-text-editor\" data-id=\"d95423e\" data-element_type=\"widget\" data-settings=\"{&quot;_ob_postman_use&quot;:&quot;no&quot;,&quot;_ob_widget_stalker_use&quot;:&quot;no&quot;}\" data-widget_type=\"text-editor.default\">\n\t\t\t\t<div class=\"elementor-widget-container\">\n\t\t\t\t\t\t\t<p>Zarejestruj swoje zainteresowanie<\/p>\t\t\t\t\t\t<\/div>\n\t\t\t\t<\/div>\n\t\t\t\t<div class=\"elementor-element elementor-element-3624c0e elementor-widget elementor-widget-shortcode\" data-id=\"3624c0e\" data-element_type=\"widget\" data-settings=\"{&quot;_ob_widget_stalker_use&quot;:&quot;no&quot;}\" data-widget_type=\"shortcode.default\">\n\t\t\t\t<div class=\"elementor-widget-container\">\n\t\t\t\t\t<div class=\"elementor-shortcode\"><\/div>\n\t\t\t\t<\/div>\n\t\t\t\t<\/div>\n\t\t\t\t<div class=\"elementor-element elementor-element-7c17bc5 text-privacy-policy elementor-widget elementor-widget-text-editor\" data-id=\"7c17bc5\" data-element_type=\"widget\" data-settings=\"{&quot;_ob_postman_use&quot;:&quot;no&quot;,&quot;_ob_widget_stalker_use&quot;:&quot;no&quot;}\" data-widget_type=\"text-editor.default\">\n\t\t\t\t<div class=\"elementor-widget-container\">\n\t\t\t\t\t\t\t<p>Klikaj\u0105c \u201ePopro\u015b o bezp\u0142atn\u0105 wersj\u0119 demonstracyjn\u0105\u201d wyra\u017casz zgod\u0119 na nasze <a href=\"\/pl\/polityka-prywatnosci\/\" target=\"_blank\" rel=\"noopener\">Polityka prywatno\u015bci<\/a><\/p>\t\t\t\t\t\t<\/div>\n\t\t\t\t<\/div>\n\t\t\t\t<\/div>\n\t\t\t\t<\/div>\n\t\t\t\t<\/div>\n\t\t\t\t<\/div>\n\t\t\t\t\t<\/div>\n\t\t\t\t<\/div>\n\t\t<div class=\"elementor-element elementor-element-5c6de4ca mob-column-reverse e-flex e-con-boxed e-con e-parent\" data-id=\"5c6de4ca\" data-element_type=\"container\" data-settings=\"{&quot;_ob_use_container_extras&quot;:&quot;no&quot;,&quot;_ob_glider_is_slider&quot;:&quot;no&quot;,&quot;_ob_column_has_pseudo&quot;:&quot;no&quot;}\">\n\t\t\t\t\t<div class=\"e-con-inner\">\n\t\t<div class=\"elementor-element elementor-element-2a808ad4 e-con-full e-flex e-con e-child\" data-id=\"2a808ad4\" data-element_type=\"container\" data-settings=\"{&quot;_ob_use_container_extras&quot;:&quot;no&quot;,&quot;_ob_glider_is_slider&quot;:&quot;no&quot;,&quot;_ob_column_has_pseudo&quot;:&quot;no&quot;}\">\n\t\t<div class=\"elementor-element elementor-element-4d84ce84 e-con-full e-flex e-con e-child\" data-id=\"4d84ce84\" data-element_type=\"container\" data-settings=\"{&quot;_ob_use_container_extras&quot;:&quot;no&quot;,&quot;_ob_glider_is_slider&quot;:&quot;no&quot;,&quot;_ob_column_has_pseudo&quot;:&quot;no&quot;}\">\n\t\t\t\t<div class=\"elementor-element elementor-element-7ee79d2f elementor-widget elementor-widget-image\" data-id=\"7ee79d2f\" data-element_type=\"widget\" data-settings=\"{&quot;_ob_widget_stalker_use&quot;:&quot;no&quot;}\" data-widget_type=\"image.default\">\n\t\t\t\t<div class=\"elementor-widget-container\">\n\t\t\t\t\t\t\t\t\t\t\t\t\t<img decoding=\"async\" loading=\"lazy\" src=\"https:\/\/cdn.hectre.com\/Untitled-design-10.webp\" title=\"\" alt=\"\" \/>\t\t\t\t\t\t\t\t\t\t\t\t\t<\/div>\n\t\t\t\t<\/div>\n\t\t\t\t<\/div>\n\t\t<div class=\"elementor-element elementor-element-28e4fe9c e-con-full e-flex e-con e-child\" data-id=\"28e4fe9c\" data-element_type=\"container\" data-settings=\"{&quot;_ob_use_container_extras&quot;:&quot;no&quot;,&quot;_ob_glider_is_slider&quot;:&quot;no&quot;,&quot;_ob_column_has_pseudo&quot;:&quot;no&quot;}\">\n\t\t\t\t<div class=\"elementor-element elementor-element-b0a5e32 elementor-widget elementor-widget-image\" data-id=\"b0a5e32\" data-element_type=\"widget\" data-settings=\"{&quot;_ob_widget_stalker_use&quot;:&quot;no&quot;}\" data-widget_type=\"image.default\">\n\t\t\t\t<div class=\"elementor-widget-container\">\n\t\t\t\t\t\t\t\t\t\t\t\t\t<img decoding=\"async\" loading=\"lazy\" src=\"https:\/\/cdn.hectre.com\/Wilcox-Spectre-for-Onions-graph-onsite-OCT22-training-slice-1536x1133.webp\" title=\"\" alt=\"\" \/>\t\t\t\t\t\t\t\t\t\t\t\t\t<\/div>\n\t\t\t\t<\/div>\n\t\t\t\t<div class=\"elementor-element elementor-element-33b72cfa elementor-widget elementor-widget-image\" data-id=\"33b72cfa\" data-element_type=\"widget\" data-settings=\"{&quot;_ob_widget_stalker_use&quot;:&quot;no&quot;}\" data-widget_type=\"image.default\">\n\t\t\t\t<div class=\"elementor-widget-container\">\n\t\t\t\t\t\t\t\t\t\t\t\t\t<img decoding=\"async\" loading=\"lazy\" src=\"https:\/\/cdn.hectre.com\/Untitled%20design%20(34).webp\" title=\"\" alt=\"\" \/>\t\t\t\t\t\t\t\t\t\t\t\t\t<\/div>\n\t\t\t\t<\/div>\n\t\t\t\t<\/div>\n\t\t\t\t<\/div>\n\t\t<div class=\"elementor-element elementor-element-422ac01c e-con-full e-flex e-con e-child\" data-id=\"422ac01c\" data-element_type=\"container\" data-settings=\"{&quot;_ob_use_container_extras&quot;:&quot;no&quot;,&quot;_ob_glider_is_slider&quot;:&quot;no&quot;,&quot;_ob_column_has_pseudo&quot;:&quot;no&quot;}\">\n\t\t\t\t<div class=\"elementor-element elementor-element-279ac0e7 js-text-underline elementor-widget-mobile__width-initial elementor-widget elementor-widget-text-editor\" data-id=\"279ac0e7\" data-element_type=\"widget\" data-settings=\"{&quot;_ob_postman_use&quot;:&quot;no&quot;,&quot;_ob_widget_stalker_use&quot;:&quot;no&quot;}\" data-widget_type=\"text-editor.default\">\n\t\t\t\t<div class=\"elementor-widget-container\">\n\t\t\t\t\t\t\t<h4>Wspieramy Tw\u00f3j sukces<\/h4>\t\t\t\t\t\t<\/div>\n\t\t\t\t<\/div>\n\t\t\t\t<div class=\"elementor-element elementor-element-d63b8ea elementor-widget__width-initial elementor-widget-tablet__width-inherit elementor-widget-mobile__width-inherit elementor-widget elementor-widget-text-editor\" data-id=\"d63b8ea\" data-element_type=\"widget\" data-settings=\"{&quot;_ob_postman_use&quot;:&quot;no&quot;,&quot;_ob_widget_stalker_use&quot;:&quot;no&quot;}\" data-widget_type=\"text-editor.default\">\n\t\t\t\t<div class=\"elementor-widget-container\">\n\t\t\t\t\t\t\t<p style=\"text-align: left;\">Du\u017ca cz\u0119\u015b\u0107 sukcesu Hectre pochodzi z naszego oddania obs\u0142udze klienta. Jeste\u015bmy pasjonatami pomagania naszym klientom w uzyskaniu absolutnie najlepszych efekt\u00f3w z naszej technologii.<\/p><p>\u00a0<\/p><p>Dzi\u0119ki przyjaznemu i szybko reaguj\u0105cemu zespo\u0142owi wsparcia na ca\u0142ym \u015bwiecie, <strong>jeste\u015b w dobrych r\u0119kach z Hectre.<\/strong><\/p>\t\t\t\t\t\t<\/div>\n\t\t\t\t<\/div>\n\t\t\t\t<\/div>\n\t\t\t\t\t<\/div>\n\t\t\t\t<\/div>\n\t\t\t\t<\/div>","protected":false},"excerpt":{"rendered":"<p>Widok jako\u015bci owoc\u00f3w \u2714 Dok\u0142adnie wiedz, co trafia do odbiorc\u00f3w i jak sobie z tym poradzi\u0107. \u2714 Priorytetowo traktuj owoce premium i optymalizuj wykorzystanie zapas\u00f3w. \u2714 Popraw przejrzysto\u015b\u0107 i sp\u00f3jno\u015b\u0107 mi\u0119dzy zespo\u0142ami. \u2714 Zredukuj r\u0119czne \u015bledzenie i usprawnij podejmowanie decyzji. Zarejestruj swoje zainteresowanie. Klikaj\u0105c \u201eZam\u00f3w bezp\u0142atn\u0105 wersj\u0119 demonstracyjn\u0105\u201d, akceptujesz nasz\u0105 Polityk\u0119 Prywatno\u015bci. Wspieramy Tw\u00f3j sukces. Du\u017ca cz\u0119\u015b\u0107 [\u2026]<\/p>","protected":false},"author":2,"featured_media":0,"parent":0,"menu_order":0,"comment_status":"closed","ping_status":"closed","template":"","meta":{"_acf_changed":false,"content-type":"","inline_featured_image":false,"footnotes":""},"class_list":["post-39568","page","type-page","status-publish","hentry"],"acf":[],"aioseo_notices":[],"_links":{"self":[{"href":"https:\/\/hectre.com\/pl\/wp-json\/wp\/v2\/pages\/39568","targetHints":{"allow":["GET"]}}],"collection":[{"href":"https:\/\/hectre.com\/pl\/wp-json\/wp\/v2\/pages"}],"about":[{"href":"https:\/\/hectre.com\/pl\/wp-json\/wp\/v2\/types\/page"}],"author":[{"embeddable":true,"href":"https:\/\/hectre.com\/pl\/wp-json\/wp\/v2\/users\/2"}],"replies":[{"embeddable":true,"href":"https:\/\/hectre.com\/pl\/wp-json\/wp\/v2\/comments?post=39568"}],"version-history":[{"count":13,"href":"https:\/\/hectre.com\/pl\/wp-json\/wp\/v2\/pages\/39568\/revisions"}],"predecessor-version":[{"id":39581,"href":"https:\/\/hectre.com\/pl\/wp-json\/wp\/v2\/pages\/39568\/revisions\/39581"}],"wp:attachment":[{"href":"https:\/\/hectre.com\/pl\/wp-json\/wp\/v2\/media?parent=39568"}],"curies":[{"name":"wp","href":"https:\/\/api.w.org\/{rel}","templated":true}]}}